{"id":32,"date":"2024-09-13T11:03:00","date_gmt":"2024-09-13T11:03:00","guid":{"rendered":"https:\/\/isteo-colle.com\/?page_id=32"},"modified":"2025-11-28T12:19:54","modified_gmt":"2025-11-28T12:19:54","slug":"interieur-rapide","status":"publish","type":"page","link":"https:\/\/isteo-colle.com\/fr\/interieur-rapide\/","title":{"rendered":"Int\u00e9rieur rapide"},"content":{"rendered":"\t\t<div data-elementor-type=\"wp-page\" data-elementor-id=\"32\" class=\"elementor elementor-32\" data-elementor-post-type=\"page\">\n\t\t\t\t<div class=\"elementor-element elementor-element-3e18318 e-flex e-con-boxed e-con e-parent\" data-id=\"3e18318\" data-element_type=\"container\" data-e-type=\"container\" data-settings=\"{&quot;background_background&quot;:&quot;classic&quot;}\">\n\t\t\t\t\t<div class=\"e-con-inner\">\n\t\t\t\t<div class=\"elementor-element elementor-element-c79337c tit-prod elementor-widget elementor-widget-heading\" data-id=\"c79337c\" data-element_type=\"widget\" data-e-type=\"widget\" data-widget_type=\"heading.default\">\n\t\t\t\t<div class=\"elementor-widget-container\">\n\t\t\t\t\t<h1 class=\"elementor-heading-title elementor-size-default\">Int\u00e9rieur rapide<\/h1>\t\t\t\t<\/div>\n\t\t\t\t<\/div>\n\t\t<div class=\"elementor-element elementor-element-bf95348 e-con-full e-flex e-con e-child\" data-id=\"bf95348\" data-element_type=\"container\" data-e-type=\"container\">\n\t\t<div class=\"elementor-element elementor-element-f87f650 e-con-full e-flex e-con e-child\" data-id=\"f87f650\" data-element_type=\"container\" data-e-type=\"container\">\n\t\t\t\t<div class=\"elementor-element elementor-element-e4569b4 elementor-widget elementor-widget-image\" data-id=\"e4569b4\" data-element_type=\"widget\" data-e-type=\"widget\" data-widget_type=\"image.default\">\n\t\t\t\t<div class=\"elementor-widget-container\">\n\t\t\t\t\t\t\t\t\t\t\t\t\t\t\t<img fetchpriority=\"high\" decoding=\"async\" width=\"565\" height=\"840\" src=\"https:\/\/isteo-colle.com\/wp-content\/uploads\/2024\/10\/c-etiqueta-Interieure-rapide.png\" class=\"attachment-large size-large wp-image-55\" alt=\"\" srcset=\"https:\/\/isteo-colle.com\/wp-content\/uploads\/2024\/10\/c-etiqueta-Interieure-rapide.png 565w, https:\/\/isteo-colle.com\/wp-content\/uploads\/2024\/10\/c-etiqueta-Interieure-rapide-202x300.png 202w\" sizes=\"(max-width: 565px) 100vw, 565px\" \/>\t\t\t\t\t\t\t\t\t\t\t\t\t\t\t<\/div>\n\t\t\t\t<\/div>\n\t\t\t\t<\/div>\n\t\t<div class=\"elementor-element elementor-element-6555caf e-con-full e-flex e-con e-child\" data-id=\"6555caf\" data-element_type=\"container\" data-e-type=\"container\">\n\t\t\t\t<div class=\"elementor-element elementor-element-df0d30b rojo elementor-widget elementor-widget-text-editor\" data-id=\"df0d30b\" data-element_type=\"widget\" data-e-type=\"widget\" data-widget_type=\"text-editor.default\">\n\t\t\t\t<div class=\"elementor-widget-container\">\n\t\t\t\t\t\t\t\t\t<h2>MODE D\u2019EMPLOI<\/h2><ol><li>Les surfaces \u00e0 coller doivent \u00eatre lisses, s\u00e8ches et propres (sans poussi\u00e8re ou graisse).<\/li><li>D\u00e9poser la colle sur la surface \u00e0 coller.<\/li><li>Maintenir quelques minutes.<\/li><li>Laisser s\u00e9cher l\u2019assemblage.<\/li><li>Nettoyer les outils utilis\u00e9s \u00e0 l\u2019eau<\/li><li>\u00a0<\/li><\/ol><div class=\"text2\"><h2>PR\u00c9CAUTIONS D\u2019USAGE<\/h2><ul><li>Bien refermer apr\u00e8s utilisation<\/li><li>Conserver dans un endroit sec entre 15\u00ba et 25\u00baC<\/li><li>Ne pas ing\u00e9rer<\/li><\/ul><h2>NETTOYAGE DES OUTILS<\/h2><p><strong>Colle fra\u00eeche :<\/strong><br \/>Eau chaude<\/p><p><strong>Colle s\u00e8che :<\/strong><br \/>Solvant organique (ac\u00e9tone, ac\u00e9thate d\u2019ethyl,&#8230;)\u00a0en respectant les consignes de s\u00e9curit\u00e9 du produit utilis\u00e9.<\/p><h2>TAILLES<\/h2><p>100 gr , 250 gr , 500 gr , 750\u00a0gr.<\/p><h2>CLASSE DE SOLLICITATION<br \/><a href=\"#pop-d2\"><span class=\"link-popup\">D2<\/span><\/a><\/h2><\/div>\t\t\t\t\t\t\t\t<\/div>\n\t\t\t\t<\/div>\n\t\t<div class=\"elementor-element elementor-element-73af5e4 e-con-full e-flex e-con e-child\" data-id=\"73af5e4\" data-element_type=\"container\" data-e-type=\"container\" data-settings=\"{&quot;background_background&quot;:&quot;classic&quot;}\">\n\t\t\t\t<div class=\"elementor-element elementor-element-e1595c5 ico-info elementor-view-default elementor-widget elementor-widget-icon\" data-id=\"e1595c5\" data-element_type=\"widget\" data-e-type=\"widget\" data-widget_type=\"icon.default\">\n\t\t\t\t<div class=\"elementor-widget-container\">\n\t\t\t\t\t\t\t<div class=\"elementor-icon-wrapper\">\n\t\t\t<div class=\"elementor-icon\">\n\t\t\t<svg aria-hidden=\"true\" class=\"e-font-icon-svg e-fas-info-circle\" viewBox=\"0 0 512 512\" xmlns=\"http:\/\/www.w3.org\/2000\/svg\"><path d=\"M256 8C119.043 8 8 119.083 8 256c0 136.997 111.043 248 248 248s248-111.003 248-248C504 119.083 392.957 8 256 8zm0 110c23.196 0 42 18.804 42 42s-18.804 42-42 42-42-18.804-42-42 18.804-42 42-42zm56 254c0 6.627-5.373 12-12 12h-88c-6.627 0-12-5.373-12-12v-24c0-6.627 5.373-12 12-12h12v-64h-12c-6.627 0-12-5.373-12-12v-24c0-6.627 5.373-12 12-12h64c6.627 0 12 5.373 12 12v100h12c6.627 0 12 5.373 12 12v24z\"><\/path><\/svg>\t\t\t<\/div>\n\t\t<\/div>\n\t\t\t\t\t\t<\/div>\n\t\t\t\t<\/div>\n\t\t\t\t<div class=\"elementor-element elementor-element-b4c5824 aviso elementor-widget elementor-widget-text-editor\" data-id=\"b4c5824\" data-element_type=\"widget\" data-e-type=\"widget\" data-widget_type=\"text-editor.default\">\n\t\t\t\t<div class=\"elementor-widget-container\">\n\t\t\t\t\t\t\t\t\t<p>En cas d&rsquo;ingestion ou de contact avec les muqueuses, rincer abondamment et consulter un avis m\u00e9dical.<\/p>\t\t\t\t\t\t\t\t<\/div>\n\t\t\t\t<\/div>\n\t\t\t\t<\/div>\n\t\t\t\t<\/div>\n\t\t\t\t<\/div>\n\t\t<div class=\"elementor-element elementor-element-5807129 e-con-full e-flex e-con e-child\" data-id=\"5807129\" data-element_type=\"container\" data-e-type=\"container\">\n\t\t\t\t<div class=\"elementor-element elementor-element-ee7c275 elementor-widget elementor-widget-gallery\" data-id=\"ee7c275\" data-element_type=\"widget\" data-e-type=\"widget\" data-settings=\"{&quot;columns&quot;:3,&quot;gap&quot;:{&quot;unit&quot;:&quot;px&quot;,&quot;size&quot;:29,&quot;sizes&quot;:[]},&quot;aspect_ratio&quot;:&quot;1:1&quot;,&quot;lazyload&quot;:&quot;yes&quot;,&quot;gallery_layout&quot;:&quot;grid&quot;,&quot;columns_tablet&quot;:2,&quot;columns_mobile&quot;:1,&quot;gap_tablet&quot;:{&quot;unit&quot;:&quot;px&quot;,&quot;size&quot;:10,&quot;sizes&quot;:[]},&quot;gap_mobile&quot;:{&quot;unit&quot;:&quot;px&quot;,&quot;size&quot;:10,&quot;sizes&quot;:[]},&quot;link_to&quot;:&quot;file&quot;,&quot;overlay_background&quot;:&quot;yes&quot;,&quot;content_hover_animation&quot;:&quot;fade-in&quot;}\" data-widget_type=\"gallery.default\">\n\t\t\t\t<div class=\"elementor-widget-container\">\n\t\t\t\t\t\t\t<div class=\"elementor-gallery__container\">\n\t\t\t\t\t\t\t<a class=\"e-gallery-item elementor-gallery-item elementor-animated-content\" href=\"https:\/\/isteo-colle.com\/wp-content\/uploads\/2024\/10\/Interieure-rapide-INT-RAPIDE-PRODUIT.jpg\" data-elementor-open-lightbox=\"yes\" data-elementor-lightbox-slideshow=\"ee7c275\" data-elementor-lightbox-title=\"Interieure rapide-INT-RAPIDE-PRODUIT\" data-e-action-hash=\"#elementor-action%3Aaction%3Dlightbox%26settings%3DeyJpZCI6NzAsInVybCI6Imh0dHBzOlwvXC9pc3Rlby1jb2xsZS5jb21cL3dwLWNvbnRlbnRcL3VwbG9hZHNcLzIwMjRcLzEwXC9JbnRlcmlldXJlLXJhcGlkZS1JTlQtUkFQSURFLVBST0RVSVQuanBnIiwic2xpZGVzaG93IjoiZWU3YzI3NSJ9\">\n\t\t\t\t\t<div class=\"e-gallery-image elementor-gallery-item__image\" data-thumbnail=\"https:\/\/isteo-colle.com\/wp-content\/uploads\/2024\/10\/Interieure-rapide-INT-RAPIDE-PRODUIT.jpg\" data-width=\"600\" data-height=\"600\" aria-label=\"\" role=\"img\" ><\/div>\n\t\t\t\t\t\t\t\t\t\t\t<div class=\"elementor-gallery-item__overlay\"><\/div>\n\t\t\t\t\t\t\t\t\t\t\t\t\t\t<\/a>\n\t\t\t\t\t\t\t<a class=\"e-gallery-item elementor-gallery-item elementor-animated-content\" href=\"https:\/\/isteo-colle.com\/wp-content\/uploads\/2024\/10\/Interieure-rapide-INT-RAPIDE-APPLICATION.jpg\" data-elementor-open-lightbox=\"yes\" data-elementor-lightbox-slideshow=\"ee7c275\" data-elementor-lightbox-title=\"Interieure rapide-INT-RAPIDE-APPLICATION\" data-e-action-hash=\"#elementor-action%3Aaction%3Dlightbox%26settings%3DeyJpZCI6NjksInVybCI6Imh0dHBzOlwvXC9pc3Rlby1jb2xsZS5jb21cL3dwLWNvbnRlbnRcL3VwbG9hZHNcLzIwMjRcLzEwXC9JbnRlcmlldXJlLXJhcGlkZS1JTlQtUkFQSURFLUFQUExJQ0FUSU9OLmpwZyIsInNsaWRlc2hvdyI6ImVlN2MyNzUifQ%3D%3D\">\n\t\t\t\t\t<div class=\"e-gallery-image elementor-gallery-item__image\" data-thumbnail=\"https:\/\/isteo-colle.com\/wp-content\/uploads\/2024\/10\/Interieure-rapide-INT-RAPIDE-APPLICATION.jpg\" data-width=\"600\" data-height=\"600\" aria-label=\"\" role=\"img\" ><\/div>\n\t\t\t\t\t\t\t\t\t\t\t<div class=\"elementor-gallery-item__overlay\"><\/div>\n\t\t\t\t\t\t\t\t\t\t\t\t\t\t<\/a>\n\t\t\t\t\t\t\t<a class=\"e-gallery-item elementor-gallery-item elementor-animated-content\" href=\"https:\/\/isteo-colle.com\/wp-content\/uploads\/2024\/10\/Interieure-rapide-INT-RAPIDE-TAILLE.jpg\" data-elementor-open-lightbox=\"yes\" data-elementor-lightbox-slideshow=\"ee7c275\" data-elementor-lightbox-title=\"Interieure rapide-INT-RAPIDE-TAILLE\" data-e-action-hash=\"#elementor-action%3Aaction%3Dlightbox%26settings%3DeyJpZCI6NzEsInVybCI6Imh0dHBzOlwvXC9pc3Rlby1jb2xsZS5jb21cL3dwLWNvbnRlbnRcL3VwbG9hZHNcLzIwMjRcLzEwXC9JbnRlcmlldXJlLXJhcGlkZS1JTlQtUkFQSURFLVRBSUxMRS5qcGciLCJzbGlkZXNob3ciOiJlZTdjMjc1In0%3D\">\n\t\t\t\t\t<div class=\"e-gallery-image elementor-gallery-item__image\" data-thumbnail=\"https:\/\/isteo-colle.com\/wp-content\/uploads\/2024\/10\/Interieure-rapide-INT-RAPIDE-TAILLE.jpg\" data-width=\"600\" data-height=\"600\" aria-label=\"\" role=\"img\" ><\/div>\n\t\t\t\t\t\t\t\t\t\t\t<div class=\"elementor-gallery-item__overlay\"><\/div>\n\t\t\t\t\t\t\t\t\t\t\t\t\t\t<\/a>\n\t\t\t\t\t<\/div>\n\t\t\t\t\t<\/div>\n\t\t\t\t<\/div>\n\t\t\t\t<\/div>\n\t\t\t\t\t<\/div>\n\t\t\t\t<\/div>\n\t\t\t\t<\/div>\n\t\t","protected":false},"excerpt":{"rendered":"<p>MODE D\u2019EMPLOI Les surfaces \u00e0 coller doivent \u00eatre lisses, s\u00e8ches et propres (sans poussi\u00e8re ou graisse). D\u00e9poser la colle sur la surface \u00e0 coller. Maintenir quelques minutes. Laisser s\u00e9cher l\u2019assemblage. Nettoyer les outils utilis\u00e9s \u00e0 l\u2019eau \u00a0 PR\u00c9CAUTIONS D\u2019USAGE Bien refermer apr\u00e8s utilisation Conserver dans un endroit sec entre 15\u00ba et 25\u00baC Ne pas ing\u00e9rer [&hellip;]<\/p>\n","protected":false},"author":1,"featured_media":61,"parent":0,"menu_order":0,"comment_status":"closed","ping_status":"closed","template":"","meta":{"footnotes":""},"class_list":["post-32","page","type-page","status-publish","has-post-thumbnail","hentry"],"_links":{"self":[{"href":"https:\/\/isteo-colle.com\/fr\/wp-json\/wp\/v2\/pages\/32","targetHints":{"allow":["GET"]}}],"collection":[{"href":"https:\/\/isteo-colle.com\/fr\/wp-json\/wp\/v2\/pages"}],"about":[{"href":"https:\/\/isteo-colle.com\/fr\/wp-json\/wp\/v2\/types\/page"}],"author":[{"embeddable":true,"href":"https:\/\/isteo-colle.com\/fr\/wp-json\/wp\/v2\/users\/1"}],"replies":[{"embeddable":true,"href":"https:\/\/isteo-colle.com\/fr\/wp-json\/wp\/v2\/comments?post=32"}],"version-history":[{"count":40,"href":"https:\/\/isteo-colle.com\/fr\/wp-json\/wp\/v2\/pages\/32\/revisions"}],"predecessor-version":[{"id":951,"href":"https:\/\/isteo-colle.com\/fr\/wp-json\/wp\/v2\/pages\/32\/revisions\/951"}],"wp:featuredmedia":[{"embeddable":true,"href":"https:\/\/isteo-colle.com\/fr\/wp-json\/wp\/v2\/media\/61"}],"wp:attachment":[{"href":"https:\/\/isteo-colle.com\/fr\/wp-json\/wp\/v2\/media?parent=32"}],"curies":[{"name":"wp","href":"https:\/\/api.w.org\/{rel}","templated":true}]}}