{"id":8,"date":"2024-09-13T10:53:09","date_gmt":"2024-09-13T10:53:09","guid":{"rendered":"https:\/\/isteo-colle.com\/?page_id=8"},"modified":"2025-11-28T12:15:56","modified_gmt":"2025-11-28T12:15:56","slug":"home","status":"publish","type":"page","link":"https:\/\/isteo-colle.com\/fr\/","title":{"rendered":"Accueil"},"content":{"rendered":"\t\t<div data-elementor-type=\"wp-page\" data-elementor-id=\"8\" class=\"elementor elementor-8\" data-elementor-post-type=\"page\">\n\t\t\t\t<div class=\"elementor-element elementor-element-a0526ad e-con-full cont-ainer humides e-flex e-con e-parent\" data-id=\"a0526ad\" data-element_type=\"container\" data-e-type=\"container\">\n\t\t<div class=\"elementor-element elementor-element-1f062c3 e-con-full tit e-flex elementor-invisible e-con e-child\" data-id=\"1f062c3\" data-element_type=\"container\" data-e-type=\"container\" data-settings=\"{&quot;background_background&quot;:&quot;classic&quot;,&quot;animation&quot;:&quot;fadeInRight&quot;,&quot;animation_delay&quot;:500}\">\n\t\t\t\t<div class=\"elementor-element elementor-element-1adea61 tx-tit elementor-widget__width-auto elementor-invisible elementor-widget elementor-widget-heading\" data-id=\"1adea61\" data-element_type=\"widget\" data-e-type=\"widget\" data-settings=\"{&quot;_animation&quot;:&quot;fadeInLeft&quot;,&quot;_animation_delay&quot;:700}\" data-widget_type=\"heading.default\">\n\t\t\t\t<div class=\"elementor-widget-container\">\n\t\t\t\t\t<h2 class=\"elementor-heading-title elementor-size-default\"><a href=\"\/milieux-humides\/\">Milieux Humides<\/a><\/h2>\t\t\t\t<\/div>\n\t\t\t\t<\/div>\n\t\t\t\t<\/div>\n\t\t<div class=\"elementor-element elementor-element-dfe456e e-con-full e-flex elementor-invisible e-con e-child\" data-id=\"dfe456e\" data-element_type=\"container\" data-e-type=\"container\" data-settings=\"{&quot;background_background&quot;:&quot;classic&quot;,&quot;animation&quot;:&quot;fadeIn&quot;}\">\n\t\t\t\t<div class=\"elementor-element elementor-element-20d48e4 e-transform cont-img elementor-invisible elementor-widget elementor-widget-image\" data-id=\"20d48e4\" data-element_type=\"widget\" data-e-type=\"widget\" data-settings=\"{&quot;_transform_translateX_effect&quot;:{&quot;unit&quot;:&quot;%&quot;,&quot;size&quot;:-50,&quot;sizes&quot;:[]},&quot;_transform_translateX_effect_tablet&quot;:{&quot;unit&quot;:&quot;%&quot;,&quot;size&quot;:&quot;&quot;,&quot;sizes&quot;:[]},&quot;_transform_translateX_effect_mobile&quot;:{&quot;unit&quot;:&quot;%&quot;,&quot;size&quot;:0,&quot;sizes&quot;:[]},&quot;_animation&quot;:&quot;fadeInRight&quot;,&quot;_animation_delay&quot;:200,&quot;_transform_translateY_effect&quot;:{&quot;unit&quot;:&quot;px&quot;,&quot;size&quot;:&quot;&quot;,&quot;sizes&quot;:[]},&quot;_transform_translateY_effect_tablet&quot;:{&quot;unit&quot;:&quot;px&quot;,&quot;size&quot;:&quot;&quot;,&quot;sizes&quot;:[]},&quot;_transform_translateY_effect_mobile&quot;:{&quot;unit&quot;:&quot;px&quot;,&quot;size&quot;:&quot;&quot;,&quot;sizes&quot;:[]}}\" data-widget_type=\"image.default\">\n\t\t\t\t<div class=\"elementor-widget-container\">\n\t\t\t\t\t\t\t\t\t\t\t\t\t\t\t\t<a href=\"\/milieux-humides\/\">\n\t\t\t\t\t\t\t<img fetchpriority=\"high\" decoding=\"async\" width=\"137\" height=\"564\" src=\"https:\/\/isteo-colle.com\/wp-content\/uploads\/2024\/10\/bote-Milieux-Humides.png\" class=\"elementor-animation-grow attachment-full size-full wp-image-52\" alt=\"Isteo Colle -Milieux Hunides\" srcset=\"https:\/\/isteo-colle.com\/wp-content\/uploads\/2024\/10\/bote-Milieux-Humides.png 137w, https:\/\/isteo-colle.com\/wp-content\/uploads\/2024\/10\/bote-Milieux-Humides-73x300.png 73w\" sizes=\"(max-width: 137px) 100vw, 137px\" \/>\t\t\t\t\t\t\t\t<\/a>\n\t\t\t\t\t\t\t\t\t\t\t\t\t\t\t<\/div>\n\t\t\t\t<\/div>\n\t\t\t\t<div class=\"elementor-element elementor-element-99366a4 elementor-widget__width-initial tx-cont verde1 elementor-invisible elementor-widget elementor-widget-text-editor\" data-id=\"99366a4\" data-element_type=\"widget\" data-e-type=\"widget\" data-settings=\"{&quot;_animation&quot;:&quot;fadeInDown&quot;,&quot;_animation_delay&quot;:200}\" data-widget_type=\"text-editor.default\">\n\t\t\t\t<div class=\"elementor-widget-container\">\n\t\t\t\t\t\t\t\t\t<p>Cette colle forte, de classe D3, r\u00e9siste \u00e0 l&rsquo;humidit\u00e9 et colle toutes les essences de bois.<\/p><p>Dans votre salle de bain, votre garage ou pr\u00e8s de votre piscine, elle sera plus forte que l&rsquo;humidit\u00e9.<\/p><p><a href=\"\/milieux-humides\/\">Voir plus<\/a><\/p>\t\t\t\t\t\t\t\t<\/div>\n\t\t\t\t<\/div>\n\t\t\t\t<\/div>\n\t\t\t\t<\/div>\n\t\t<div class=\"elementor-element elementor-element-b3a5188 e-con-full cont-ainer progressive e-flex e-con e-parent\" data-id=\"b3a5188\" data-element_type=\"container\" data-e-type=\"container\">\n\t\t<div class=\"elementor-element elementor-element-a78c788 e-con-full tit animated-fast e-flex elementor-invisible e-con e-child\" data-id=\"a78c788\" data-element_type=\"container\" data-e-type=\"container\" data-settings=\"{&quot;background_background&quot;:&quot;classic&quot;,&quot;animation&quot;:&quot;fadeInRight&quot;,&quot;animation_delay&quot;:500}\">\n\t\t\t\t<div class=\"elementor-element elementor-element-a58e4f6 tx-tit elementor-widget__width-auto elementor-invisible elementor-widget elementor-widget-heading\" data-id=\"a58e4f6\" data-element_type=\"widget\" data-e-type=\"widget\" data-settings=\"{&quot;_animation&quot;:&quot;fadeInLeft&quot;,&quot;_animation_delay&quot;:700}\" data-widget_type=\"heading.default\">\n\t\t\t\t<div class=\"elementor-widget-container\">\n\t\t\t\t\t<h2 class=\"elementor-heading-title elementor-size-default\"><a href=\"\/interieur-progressive\/\">Int\u00e9rieur progressive<\/a><\/h2>\t\t\t\t<\/div>\n\t\t\t\t<\/div>\n\t\t\t\t<\/div>\n\t\t<div class=\"elementor-element elementor-element-57ef94a e-con-full animated-fast e-flex elementor-invisible e-con e-child\" data-id=\"57ef94a\" data-element_type=\"container\" data-e-type=\"container\" data-settings=\"{&quot;background_background&quot;:&quot;classic&quot;,&quot;animation&quot;:&quot;fadeIn&quot;}\">\n\t\t\t\t<div class=\"elementor-element elementor-element-e50fac2 e-transform cont-img elementor-invisible elementor-widget elementor-widget-image\" data-id=\"e50fac2\" data-element_type=\"widget\" data-e-type=\"widget\" data-settings=\"{&quot;_transform_translateX_effect&quot;:{&quot;unit&quot;:&quot;%&quot;,&quot;size&quot;:-50,&quot;sizes&quot;:[]},&quot;_transform_translateX_effect_tablet&quot;:{&quot;unit&quot;:&quot;%&quot;,&quot;size&quot;:&quot;&quot;,&quot;sizes&quot;:[]},&quot;_transform_translateX_effect_mobile&quot;:{&quot;unit&quot;:&quot;%&quot;,&quot;size&quot;:0,&quot;sizes&quot;:[]},&quot;_animation&quot;:&quot;fadeInRight&quot;,&quot;_animation_delay&quot;:200,&quot;_transform_translateY_effect&quot;:{&quot;unit&quot;:&quot;px&quot;,&quot;size&quot;:&quot;&quot;,&quot;sizes&quot;:[]},&quot;_transform_translateY_effect_tablet&quot;:{&quot;unit&quot;:&quot;px&quot;,&quot;size&quot;:&quot;&quot;,&quot;sizes&quot;:[]},&quot;_transform_translateY_effect_mobile&quot;:{&quot;unit&quot;:&quot;px&quot;,&quot;size&quot;:&quot;&quot;,&quot;sizes&quot;:[]}}\" data-widget_type=\"image.default\">\n\t\t\t\t<div class=\"elementor-widget-container\">\n\t\t\t\t\t\t\t\t\t\t\t\t\t\t\t\t<a href=\"\/interieur-progressive\/\">\n\t\t\t\t\t\t\t<img decoding=\"async\" width=\"137\" height=\"564\" src=\"https:\/\/isteo-colle.com\/wp-content\/uploads\/2024\/10\/f-bote-Interieure-progressive.png\" class=\"elementor-animation-grow attachment-full size-full wp-image-60\" alt=\"\" srcset=\"https:\/\/isteo-colle.com\/wp-content\/uploads\/2024\/10\/f-bote-Interieure-progressive.png 137w, https:\/\/isteo-colle.com\/wp-content\/uploads\/2024\/10\/f-bote-Interieure-progressive-73x300.png 73w\" sizes=\"(max-width: 137px) 100vw, 137px\" \/>\t\t\t\t\t\t\t\t<\/a>\n\t\t\t\t\t\t\t\t\t\t\t\t\t\t\t<\/div>\n\t\t\t\t<\/div>\n\t\t\t\t<div class=\"elementor-element elementor-element-4ff04bf elementor-widget__width-initial tx-cont rosa elementor-widget elementor-widget-text-editor\" data-id=\"4ff04bf\" data-element_type=\"widget\" data-e-type=\"widget\" data-widget_type=\"text-editor.default\">\n\t\t\t\t<div class=\"elementor-widget-container\">\n\t\t\t\t\t\t\t\t\t<p>Colle le bois, le papier, le carton et le tissu.Sa prise progressive permet de repositionner le collage et offre un rendu impeccable.<\/p><p>Id\u00e9ale pour les menuiseries ou les assemblages de meubles.<\/p><p><a href=\"\/interieur-progressive\/\">Voir plus<\/a><\/p>\t\t\t\t\t\t\t\t<\/div>\n\t\t\t\t<\/div>\n\t\t\t\t<\/div>\n\t\t\t\t<\/div>\n\t\t<div class=\"elementor-element elementor-element-ad836e5 e-con-full cont-ainer exterieur e-flex e-con e-parent\" data-id=\"ad836e5\" data-element_type=\"container\" data-e-type=\"container\">\n\t\t<div class=\"elementor-element elementor-element-e9a5482 e-con-full tit e-flex e-con e-child\" data-id=\"e9a5482\" data-element_type=\"container\" data-e-type=\"container\" data-settings=\"{&quot;background_background&quot;:&quot;classic&quot;}\">\n\t\t\t\t<div class=\"elementor-element elementor-element-14f872a tx-tit elementor-widget__width-auto elementor-widget elementor-widget-heading\" data-id=\"14f872a\" data-element_type=\"widget\" data-e-type=\"widget\" data-widget_type=\"heading.default\">\n\t\t\t\t<div class=\"elementor-widget-container\">\n\t\t\t\t\t<h2 class=\"elementor-heading-title elementor-size-default\"><a href=\"\/speciale-exterieur\/\">Sp\u00e9ciale Ext\u00e9rieur<\/a><\/h2>\t\t\t\t<\/div>\n\t\t\t\t<\/div>\n\t\t\t\t<\/div>\n\t\t<div class=\"elementor-element elementor-element-e24b9e3 e-con-full e-flex elementor-invisible e-con e-child\" data-id=\"e24b9e3\" data-element_type=\"container\" data-e-type=\"container\" data-settings=\"{&quot;background_background&quot;:&quot;classic&quot;,&quot;animation&quot;:&quot;fadeIn&quot;}\">\n\t\t\t\t<div class=\"elementor-element elementor-element-4747f76 e-transform cont-img elementor-invisible elementor-widget elementor-widget-image\" data-id=\"4747f76\" data-element_type=\"widget\" data-e-type=\"widget\" data-settings=\"{&quot;_transform_translateX_effect&quot;:{&quot;unit&quot;:&quot;%&quot;,&quot;size&quot;:-50,&quot;sizes&quot;:[]},&quot;_transform_translateX_effect_tablet&quot;:{&quot;unit&quot;:&quot;%&quot;,&quot;size&quot;:&quot;&quot;,&quot;sizes&quot;:[]},&quot;_transform_translateX_effect_mobile&quot;:{&quot;unit&quot;:&quot;%&quot;,&quot;size&quot;:0,&quot;sizes&quot;:[]},&quot;_animation&quot;:&quot;fadeInRight&quot;,&quot;_animation_delay&quot;:200,&quot;_transform_translateY_effect&quot;:{&quot;unit&quot;:&quot;px&quot;,&quot;size&quot;:&quot;&quot;,&quot;sizes&quot;:[]},&quot;_transform_translateY_effect_tablet&quot;:{&quot;unit&quot;:&quot;px&quot;,&quot;size&quot;:&quot;&quot;,&quot;sizes&quot;:[]},&quot;_transform_translateY_effect_mobile&quot;:{&quot;unit&quot;:&quot;px&quot;,&quot;size&quot;:&quot;&quot;,&quot;sizes&quot;:[]}}\" data-widget_type=\"image.default\">\n\t\t\t\t<div class=\"elementor-widget-container\">\n\t\t\t\t\t\t\t\t\t\t\t\t\t\t\t\t<a href=\"\/speciale-exterieur\/\">\n\t\t\t\t\t\t\t<img decoding=\"async\" width=\"137\" height=\"564\" src=\"https:\/\/isteo-colle.com\/wp-content\/uploads\/2024\/10\/f-bote-Special-Exterieur.png\" class=\"elementor-animation-grow attachment-full size-full wp-image-62\" alt=\"\" srcset=\"https:\/\/isteo-colle.com\/wp-content\/uploads\/2024\/10\/f-bote-Special-Exterieur.png 137w, https:\/\/isteo-colle.com\/wp-content\/uploads\/2024\/10\/f-bote-Special-Exterieur-73x300.png 73w\" sizes=\"(max-width: 137px) 100vw, 137px\" \/>\t\t\t\t\t\t\t\t<\/a>\n\t\t\t\t\t\t\t\t\t\t\t\t\t\t\t<\/div>\n\t\t\t\t<\/div>\n\t\t\t\t<div class=\"elementor-element elementor-element-347f0d2 elementor-widget__width-initial tx-cont verde2 elementor-invisible elementor-widget elementor-widget-text-editor\" data-id=\"347f0d2\" data-element_type=\"widget\" data-e-type=\"widget\" data-settings=\"{&quot;_animation&quot;:&quot;fadeInDown&quot;,&quot;_animation_delay&quot;:400}\" data-widget_type=\"text-editor.default\">\n\t\t\t\t<div class=\"elementor-widget-container\">\n\t\t\t\t\t\t\t\t\t<p>Une r\u00e9paration de salon de jardin en bois? Un collage sur votre terrasse ou votre abri de jardin?<\/p><p>Vous pourrez compter sur son efficacit\u00e9. Class\u00e9e selon la norme D3, elle r\u00e9siste\u00a0\u00e0 l&rsquo;humidit\u00e9 pour longtemps.<\/p><p><a href=\"\/speciale-exterieur\/\">Voir plus<\/a><\/p>\t\t\t\t\t\t\t\t<\/div>\n\t\t\t\t<\/div>\n\t\t\t\t<\/div>\n\t\t\t\t<\/div>\n\t\t<div class=\"elementor-element elementor-element-dbb1408 e-con-full cont-ainer interieur e-flex e-con e-parent\" data-id=\"dbb1408\" data-element_type=\"container\" data-e-type=\"container\">\n\t\t<div class=\"elementor-element elementor-element-abd24c0 e-con-full tit e-flex elementor-invisible e-con e-child\" data-id=\"abd24c0\" data-element_type=\"container\" data-e-type=\"container\" data-settings=\"{&quot;background_background&quot;:&quot;classic&quot;,&quot;animation&quot;:&quot;fadeInRight&quot;,&quot;animation_delay&quot;:500}\">\n\t\t\t\t<div class=\"elementor-element elementor-element-b262787 tx-tit elementor-widget__width-auto elementor-invisible elementor-widget elementor-widget-heading\" data-id=\"b262787\" data-element_type=\"widget\" data-e-type=\"widget\" data-settings=\"{&quot;_animation&quot;:&quot;fadeInLeft&quot;,&quot;_animation_delay&quot;:700}\" data-widget_type=\"heading.default\">\n\t\t\t\t<div class=\"elementor-widget-container\">\n\t\t\t\t\t<h2 class=\"elementor-heading-title elementor-size-default\"><a href=\"\/interieur-rapide\/\">Int\u00e9rieur rapide<\/a><\/h2>\t\t\t\t<\/div>\n\t\t\t\t<\/div>\n\t\t\t\t<\/div>\n\t\t<div class=\"elementor-element elementor-element-c8bc93a e-con-full e-flex elementor-invisible e-con e-child\" data-id=\"c8bc93a\" data-element_type=\"container\" data-e-type=\"container\" data-settings=\"{&quot;background_background&quot;:&quot;classic&quot;,&quot;animation&quot;:&quot;fadeIn&quot;}\">\n\t\t\t\t<div class=\"elementor-element elementor-element-2b025ca e-transform cont-img elementor-invisible elementor-widget elementor-widget-image\" data-id=\"2b025ca\" data-element_type=\"widget\" data-e-type=\"widget\" data-settings=\"{&quot;_transform_translateX_effect&quot;:{&quot;unit&quot;:&quot;%&quot;,&quot;size&quot;:-50,&quot;sizes&quot;:[]},&quot;_transform_translateX_effect_tablet&quot;:{&quot;unit&quot;:&quot;%&quot;,&quot;size&quot;:&quot;&quot;,&quot;sizes&quot;:[]},&quot;_transform_translateX_effect_mobile&quot;:{&quot;unit&quot;:&quot;%&quot;,&quot;size&quot;:0,&quot;sizes&quot;:[]},&quot;_animation&quot;:&quot;fadeInRight&quot;,&quot;_animation_delay&quot;:200,&quot;_transform_translateY_effect&quot;:{&quot;unit&quot;:&quot;px&quot;,&quot;size&quot;:&quot;&quot;,&quot;sizes&quot;:[]},&quot;_transform_translateY_effect_tablet&quot;:{&quot;unit&quot;:&quot;px&quot;,&quot;size&quot;:&quot;&quot;,&quot;sizes&quot;:[]},&quot;_transform_translateY_effect_mobile&quot;:{&quot;unit&quot;:&quot;px&quot;,&quot;size&quot;:&quot;&quot;,&quot;sizes&quot;:[]}}\" data-widget_type=\"image.default\">\n\t\t\t\t<div class=\"elementor-widget-container\">\n\t\t\t\t\t\t\t\t\t\t\t\t\t\t\t\t<a href=\"\/interieur-rapide\/\">\n\t\t\t\t\t\t\t<img loading=\"lazy\" decoding=\"async\" width=\"137\" height=\"564\" src=\"https:\/\/isteo-colle.com\/wp-content\/uploads\/2024\/10\/f-bote-Interieure-rapide.png\" class=\"elementor-animation-grow attachment-full size-full wp-image-61\" alt=\"\" srcset=\"https:\/\/isteo-colle.com\/wp-content\/uploads\/2024\/10\/f-bote-Interieure-rapide.png 137w, https:\/\/isteo-colle.com\/wp-content\/uploads\/2024\/10\/f-bote-Interieure-rapide-73x300.png 73w\" sizes=\"(max-width: 137px) 100vw, 137px\" \/>\t\t\t\t\t\t\t\t<\/a>\n\t\t\t\t\t\t\t\t\t\t\t\t\t\t\t<\/div>\n\t\t\t\t<\/div>\n\t\t\t\t<div class=\"elementor-element elementor-element-4426a14 elementor-widget__width-initial tx-cont rojo elementor-invisible elementor-widget elementor-widget-text-editor\" data-id=\"4426a14\" data-element_type=\"widget\" data-e-type=\"widget\" data-settings=\"{&quot;_animation&quot;:&quot;fadeInDown&quot;,&quot;_animation_delay&quot;:400}\" data-widget_type=\"text-editor.default\">\n\t\t\t\t<div class=\"elementor-widget-container\">\n\t\t\t\t\t\t\t\t\t<p>Sa rapidit\u00e9 de prise, son s\u00e9chage et sa tenue seront les alli\u00e9s parfaits de vos r\u00e9parations de meubles et objets en bois.<\/p><p>Elle est efficace sur toutes les essences de bois. Son rendu translucide la rend indispensable dans votre caisse\u00a0\u00e0 outils.<\/p><p><a href=\"\/interieur-rapide\/\">Voir plus<\/a><\/p>\t\t\t\t\t\t\t\t<\/div>\n\t\t\t\t<\/div>\n\t\t\t\t<\/div>\n\t\t\t\t<\/div>\n\t\t<div class=\"elementor-element elementor-element-4114895 e-con-full cont-ainer colle e-flex e-con e-parent\" data-id=\"4114895\" data-element_type=\"container\" data-e-type=\"container\">\n\t\t<div class=\"elementor-element elementor-element-f484e93 e-con-full tit e-flex elementor-invisible e-con e-child\" data-id=\"f484e93\" data-element_type=\"container\" data-e-type=\"container\" data-settings=\"{&quot;background_background&quot;:&quot;classic&quot;,&quot;animation&quot;:&quot;fadeInRight&quot;,&quot;animation_delay&quot;:500}\">\n\t\t\t\t<div class=\"elementor-element elementor-element-2206292 tx-tit elementor-widget__width-auto elementor-invisible elementor-widget elementor-widget-heading\" data-id=\"2206292\" data-element_type=\"widget\" data-e-type=\"widget\" data-settings=\"{&quot;_animation&quot;:&quot;fadeInLeft&quot;,&quot;_animation_delay&quot;:700}\" data-widget_type=\"heading.default\">\n\t\t\t\t<div class=\"elementor-widget-container\">\n\t\t\t\t\t<h2 class=\"elementor-heading-title elementor-size-default\"><a href=\"\/colle-blanche\/\">Colle blanche<\/a><\/h2>\t\t\t\t<\/div>\n\t\t\t\t<\/div>\n\t\t\t\t<\/div>\n\t\t<div class=\"elementor-element elementor-element-624b1f6 e-con-full e-flex elementor-invisible e-con e-child\" data-id=\"624b1f6\" data-element_type=\"container\" data-e-type=\"container\" data-settings=\"{&quot;background_background&quot;:&quot;classic&quot;,&quot;animation&quot;:&quot;fadeIn&quot;}\">\n\t\t\t\t<div class=\"elementor-element elementor-element-5c320c3 e-transform cont-img elementor-invisible elementor-widget elementor-widget-image\" data-id=\"5c320c3\" data-element_type=\"widget\" data-e-type=\"widget\" data-settings=\"{&quot;_transform_translateX_effect&quot;:{&quot;unit&quot;:&quot;%&quot;,&quot;size&quot;:-50,&quot;sizes&quot;:[]},&quot;_transform_translateX_effect_tablet&quot;:{&quot;unit&quot;:&quot;%&quot;,&quot;size&quot;:&quot;&quot;,&quot;sizes&quot;:[]},&quot;_transform_translateX_effect_mobile&quot;:{&quot;unit&quot;:&quot;%&quot;,&quot;size&quot;:0,&quot;sizes&quot;:[]},&quot;_animation&quot;:&quot;fadeInRight&quot;,&quot;_animation_delay&quot;:200,&quot;_transform_translateY_effect&quot;:{&quot;unit&quot;:&quot;px&quot;,&quot;size&quot;:&quot;&quot;,&quot;sizes&quot;:[]},&quot;_transform_translateY_effect_tablet&quot;:{&quot;unit&quot;:&quot;px&quot;,&quot;size&quot;:&quot;&quot;,&quot;sizes&quot;:[]},&quot;_transform_translateY_effect_mobile&quot;:{&quot;unit&quot;:&quot;px&quot;,&quot;size&quot;:&quot;&quot;,&quot;sizes&quot;:[]}}\" data-widget_type=\"image.default\">\n\t\t\t\t<div class=\"elementor-widget-container\">\n\t\t\t\t\t\t\t\t\t\t\t\t\t\t\t\t<a href=\"\/colle-blanche\/\">\n\t\t\t\t\t\t\t<img loading=\"lazy\" decoding=\"async\" width=\"137\" height=\"564\" src=\"https:\/\/isteo-colle.com\/wp-content\/uploads\/2024\/10\/f-bote-Colle-blanche.png\" class=\"elementor-animation-grow attachment-full size-full wp-image-59\" alt=\"\" srcset=\"https:\/\/isteo-colle.com\/wp-content\/uploads\/2024\/10\/f-bote-Colle-blanche.png 137w, https:\/\/isteo-colle.com\/wp-content\/uploads\/2024\/10\/f-bote-Colle-blanche-73x300.png 73w\" sizes=\"(max-width: 137px) 100vw, 137px\" \/>\t\t\t\t\t\t\t\t<\/a>\n\t\t\t\t\t\t\t\t\t\t\t\t\t\t\t<\/div>\n\t\t\t\t<\/div>\n\t\t\t\t<div class=\"elementor-element elementor-element-a3c9fd3 elementor-widget__width-initial tx-cont rojo2 elementor-invisible elementor-widget elementor-widget-text-editor\" data-id=\"a3c9fd3\" data-element_type=\"widget\" data-e-type=\"widget\" data-settings=\"{&quot;_animation&quot;:&quot;fadeInDown&quot;,&quot;_animation_delay&quot;:400}\" data-widget_type=\"text-editor.default\">\n\t\t\t\t<div class=\"elementor-widget-container\">\n\t\t\t\t\t\t\t\t\t<p>La COLLE BLANCHE ISTEO est une colle professionnelle enfin disponible pour tous les publics. Sans solvant, elle est la partenaire id\u00e9ale de tous les loisirs cr\u00e9atifs.<\/p><p>La formule de la COLLE BLANCHE ISTEO offre une qualit\u00e9 de collage impeccable sur papier, carton, bois et tissu.<\/p><p><a href=\"\/colle-blanche\/\">Voir plus<\/a><\/p>\t\t\t\t\t\t\t\t<\/div>\n\t\t\t\t<\/div>\n\t\t\t\t<\/div>\n\t\t\t\t<\/div>\n\t\t<div class=\"elementor-element elementor-element-fe71479 e-flex e-con-boxed e-con e-parent\" data-id=\"fe71479\" data-element_type=\"container\" data-e-type=\"container\" data-settings=\"{&quot;background_background&quot;:&quot;classic&quot;,&quot;background_motion_fx_motion_fx_scrolling&quot;:&quot;yes&quot;,&quot;background_motion_fx_translateY_effect&quot;:&quot;yes&quot;,&quot;background_motion_fx_translateY_speed&quot;:{&quot;unit&quot;:&quot;px&quot;,&quot;size&quot;:10,&quot;sizes&quot;:[]},&quot;background_motion_fx_range&quot;:&quot;viewport&quot;,&quot;background_motion_fx_translateY_affectedRange&quot;:{&quot;unit&quot;:&quot;%&quot;,&quot;size&quot;:&quot;&quot;,&quot;sizes&quot;:{&quot;start&quot;:0,&quot;end&quot;:100}},&quot;background_motion_fx_devices&quot;:[&quot;desktop&quot;,&quot;tablet&quot;,&quot;mobile&quot;]}\">\n\t\t\t\t\t<div class=\"e-con-inner\">\n\t\t\t\t<div class=\"elementor-element elementor-element-6082de8 elementor-widget elementor-widget-heading\" data-id=\"6082de8\" data-element_type=\"widget\" data-e-type=\"widget\" data-widget_type=\"heading.default\">\n\t\t\t\t<div class=\"elementor-widget-container\">\n\t\t\t\t\t<h1 class=\"elementor-heading-title elementor-size-default\">Plus de 50 ans d'exp\u00e9rience dans les adh\u00e9sifs pour bois<\/h1>\t\t\t\t<\/div>\n\t\t\t\t<\/div>\n\t\t\t\t\t<\/div>\n\t\t\t\t<\/div>\n\t\t\t\t<\/div>\n\t\t","protected":false},"excerpt":{"rendered":"<p>Milieux Humides Cette colle forte, de classe D3, r\u00e9siste \u00e0 l&rsquo;humidit\u00e9 et colle toutes les essences de bois. Dans votre salle de bain, votre garage ou pr\u00e8s de votre piscine, elle sera plus forte que l&rsquo;humidit\u00e9. Voir plus Int\u00e9rieur progressive Colle le bois, le papier, le carton et le tissu.Sa prise progressive permet de repositionner [&hellip;]<\/p>\n","protected":false},"author":1,"featured_media":0,"parent":0,"menu_order":0,"comment_status":"closed","ping_status":"closed","template":"","meta":{"footnotes":""},"class_list":["post-8","page","type-page","status-publish","hentry"],"_links":{"self":[{"href":"https:\/\/isteo-colle.com\/fr\/wp-json\/wp\/v2\/pages\/8","targetHints":{"allow":["GET"]}}],"collection":[{"href":"https:\/\/isteo-colle.com\/fr\/wp-json\/wp\/v2\/pages"}],"about":[{"href":"https:\/\/isteo-colle.com\/fr\/wp-json\/wp\/v2\/types\/page"}],"author":[{"embeddable":true,"href":"https:\/\/isteo-colle.com\/fr\/wp-json\/wp\/v2\/users\/1"}],"replies":[{"embeddable":true,"href":"https:\/\/isteo-colle.com\/fr\/wp-json\/wp\/v2\/comments?post=8"}],"version-history":[{"count":157,"href":"https:\/\/isteo-colle.com\/fr\/wp-json\/wp\/v2\/pages\/8\/revisions"}],"predecessor-version":[{"id":1109,"href":"https:\/\/isteo-colle.com\/fr\/wp-json\/wp\/v2\/pages\/8\/revisions\/1109"}],"wp:attachment":[{"href":"https:\/\/isteo-colle.com\/fr\/wp-json\/wp\/v2\/media?parent=8"}],"curies":[{"name":"wp","href":"https:\/\/api.w.org\/{rel}","templated":true}]}}