{"id":691,"date":"2024-09-13T11:03:00","date_gmt":"2024-09-13T11:03:00","guid":{"rendered":"https:\/\/isteo-colle.com\/interieur-rapide\/"},"modified":"2025-11-28T12:10:38","modified_gmt":"2025-11-28T12:10:38","slug":"interior-rapido","status":"publish","type":"page","link":"https:\/\/isteo-colle.com\/pt-pt\/interior-rapido\/","title":{"rendered":"Interior r\u00e1pido"},"content":{"rendered":"\t\t<div data-elementor-type=\"wp-page\" data-elementor-id=\"691\" class=\"elementor elementor-691 elementor-32\" data-elementor-post-type=\"page\">\n\t\t\t\t<div class=\"elementor-element elementor-element-3e18318 e-flex e-con-boxed e-con e-parent\" data-id=\"3e18318\" data-element_type=\"container\" data-e-type=\"container\" data-settings=\"{&quot;background_background&quot;:&quot;classic&quot;}\">\n\t\t\t\t\t<div class=\"e-con-inner\">\n\t\t\t\t<div class=\"elementor-element elementor-element-c79337c tit-prod elementor-widget elementor-widget-heading\" data-id=\"c79337c\" data-element_type=\"widget\" data-e-type=\"widget\" data-widget_type=\"heading.default\">\n\t\t\t\t<div class=\"elementor-widget-container\">\n\t\t\t\t\t<h1 class=\"elementor-heading-title elementor-size-default\">Interior r\u00e1pido<\/h1>\t\t\t\t<\/div>\n\t\t\t\t<\/div>\n\t\t<div class=\"elementor-element elementor-element-bf95348 e-con-full e-flex e-con e-child\" data-id=\"bf95348\" data-element_type=\"container\" data-e-type=\"container\">\n\t\t<div class=\"elementor-element elementor-element-f87f650 e-con-full e-flex e-con e-child\" data-id=\"f87f650\" data-element_type=\"container\" data-e-type=\"container\">\n\t\t\t\t<div class=\"elementor-element elementor-element-e4569b4 elementor-widget elementor-widget-image\" data-id=\"e4569b4\" data-element_type=\"widget\" data-e-type=\"widget\" data-widget_type=\"image.default\">\n\t\t\t\t<div class=\"elementor-widget-container\">\n\t\t\t\t\t\t\t\t\t\t\t\t\t\t\t<img fetchpriority=\"high\" decoding=\"async\" width=\"565\" height=\"840\" src=\"https:\/\/isteo-colle.com\/wp-content\/uploads\/2024\/10\/c-etiqueta-Interieure-rapide.png\" class=\"attachment-large size-large wp-image-555\" alt=\"Etiqueta interior r\u00e1pido\" srcset=\"https:\/\/isteo-colle.com\/wp-content\/uploads\/2024\/10\/c-etiqueta-Interieure-rapide.png 565w, https:\/\/isteo-colle.com\/wp-content\/uploads\/2024\/10\/c-etiqueta-Interieure-rapide-202x300.png 202w\" sizes=\"(max-width: 565px) 100vw, 565px\" \/>\t\t\t\t\t\t\t\t\t\t\t\t\t\t\t<\/div>\n\t\t\t\t<\/div>\n\t\t\t\t<\/div>\n\t\t<div class=\"elementor-element elementor-element-6555caf e-con-full e-flex e-con e-child\" data-id=\"6555caf\" data-element_type=\"container\" data-e-type=\"container\">\n\t\t\t\t<div class=\"elementor-element elementor-element-df0d30b rojo elementor-widget elementor-widget-text-editor\" data-id=\"df0d30b\" data-element_type=\"widget\" data-e-type=\"widget\" data-widget_type=\"text-editor.default\">\n\t\t\t\t<div class=\"elementor-widget-container\">\n\t\t\t\t\t\t\t\t\t<h2>COMO UTILIZAR<\/h2><ol><li>As superf\u00edcies a colar devem ser lisas, secas e limpas (sem p\u00f3 ou gordura).<\/li><li>Coloque a cola na superf\u00edcie a colar.<\/li><li>Segure por alguns minutos.<\/li><li>Deixe o conjunto secar.<\/li><li>Limpe as ferramentas usadas com \u00e1gua.<\/li><\/ol><h2>PRECAU\u00c7\u00d5ES DE UTILIZA\u00c7\u00c3O<\/h2><ul><li>Fechar bem ap\u00f3s a utiliza\u00e7\u00e3o<\/li><li>Armazenar em local seco entre 15\u00ba e 25\u00baC<\/li><li>N\u00e3o ingerir<\/li><\/ul><h2>LIMPEZA DE FERRAMENTAS<\/h2><p><strong>Cola fresca:<br \/><\/strong>\u00c1gua quente<\/p><p><strong>Cola seca:<br \/><\/strong>Solvente org\u00e2nico (acetona, aceto de etilo,&#8230;) em conformidade com as instru\u00e7\u00f5es de seguran\u00e7a do produto utilizado.<\/p><h2>TAMANHOS<\/h2><p>100 gr , 250 gr , 500 gr , 750 gr.<\/p><h2>CLASSE DE CLISIFIFICA\u00c7\u00c3O <a href=\"#pop-d2\"><span class=\"link-popup\">D2<\/span><\/a><\/h2>\t\t\t\t\t\t\t\t<\/div>\n\t\t\t\t<\/div>\n\t\t<div class=\"elementor-element elementor-element-73af5e4 e-con-full e-flex e-con e-child\" data-id=\"73af5e4\" data-element_type=\"container\" data-e-type=\"container\" data-settings=\"{&quot;background_background&quot;:&quot;classic&quot;}\">\n\t\t\t\t<div class=\"elementor-element elementor-element-e1595c5 ico-info elementor-view-default elementor-widget elementor-widget-icon\" data-id=\"e1595c5\" data-element_type=\"widget\" data-e-type=\"widget\" data-widget_type=\"icon.default\">\n\t\t\t\t<div class=\"elementor-widget-container\">\n\t\t\t\t\t\t\t<div class=\"elementor-icon-wrapper\">\n\t\t\t<div class=\"elementor-icon\">\n\t\t\t<svg aria-hidden=\"true\" class=\"e-font-icon-svg e-fas-info-circle\" viewBox=\"0 0 512 512\" xmlns=\"http:\/\/www.w3.org\/2000\/svg\"><path d=\"M256 8C119.043 8 8 119.083 8 256c0 136.997 111.043 248 248 248s248-111.003 248-248C504 119.083 392.957 8 256 8zm0 110c23.196 0 42 18.804 42 42s-18.804 42-42 42-42-18.804-42-42 18.804-42 42-42zm56 254c0 6.627-5.373 12-12 12h-88c-6.627 0-12-5.373-12-12v-24c0-6.627 5.373-12 12-12h12v-64h-12c-6.627 0-12-5.373-12-12v-24c0-6.627 5.373-12 12-12h64c6.627 0 12 5.373 12 12v100h12c6.627 0 12 5.373 12 12v24z\"><\/path><\/svg>\t\t\t<\/div>\n\t\t<\/div>\n\t\t\t\t\t\t<\/div>\n\t\t\t\t<\/div>\n\t\t\t\t<div class=\"elementor-element elementor-element-b4c5824 aviso elementor-widget elementor-widget-text-editor\" data-id=\"b4c5824\" data-element_type=\"widget\" data-e-type=\"widget\" data-widget_type=\"text-editor.default\">\n\t\t\t\t<div class=\"elementor-widget-container\">\n\t\t\t\t\t\t\t\t\t<p>Em caso de ingest\u00e3o ou contacto com membranas mucosas, lave abundantemente e consulte um m\u00e9dico.<\/p>\t\t\t\t\t\t\t\t<\/div>\n\t\t\t\t<\/div>\n\t\t\t\t<\/div>\n\t\t\t\t<\/div>\n\t\t\t\t<\/div>\n\t\t<div class=\"elementor-element elementor-element-5807129 e-con-full e-flex e-con e-child\" data-id=\"5807129\" data-element_type=\"container\" data-e-type=\"container\">\n\t\t\t\t<div class=\"elementor-element elementor-element-ee7c275 elementor-widget elementor-widget-gallery\" data-id=\"ee7c275\" data-element_type=\"widget\" data-e-type=\"widget\" data-settings=\"{&quot;columns&quot;:3,&quot;gap&quot;:{&quot;unit&quot;:&quot;px&quot;,&quot;size&quot;:29,&quot;sizes&quot;:[]},&quot;aspect_ratio&quot;:&quot;1:1&quot;,&quot;lazyload&quot;:&quot;yes&quot;,&quot;gallery_layout&quot;:&quot;grid&quot;,&quot;columns_tablet&quot;:2,&quot;columns_mobile&quot;:1,&quot;gap_tablet&quot;:{&quot;unit&quot;:&quot;px&quot;,&quot;size&quot;:10,&quot;sizes&quot;:[]},&quot;gap_mobile&quot;:{&quot;unit&quot;:&quot;px&quot;,&quot;size&quot;:10,&quot;sizes&quot;:[]},&quot;link_to&quot;:&quot;file&quot;,&quot;overlay_background&quot;:&quot;yes&quot;,&quot;content_hover_animation&quot;:&quot;fade-in&quot;}\" data-widget_type=\"gallery.default\">\n\t\t\t\t<div class=\"elementor-widget-container\">\n\t\t\t\t\t\t\t<div class=\"elementor-gallery__container\">\n\t\t\t\t\t\t\t<a class=\"e-gallery-item elementor-gallery-item elementor-animated-content\" href=\"https:\/\/isteo-colle.com\/wp-content\/uploads\/2024\/10\/Interieure-rapide-INT-RAPIDE-PRODUIT.jpg\" data-elementor-open-lightbox=\"yes\" data-elementor-lightbox-slideshow=\"ee7c275\" data-elementor-lightbox-title=\"Interieure rapide-INT-RAPIDE-PRODUIT\" data-e-action-hash=\"#elementor-action%3Aaction%3Dlightbox%26settings%3DeyJpZCI6NjAwLCJ1cmwiOiJodHRwczpcL1wvaXN0ZW8tY29sbGUuY29tXC93cC1jb250ZW50XC91cGxvYWRzXC8yMDI0XC8xMFwvSW50ZXJpZXVyZS1yYXBpZGUtSU5ULVJBUElERS1QUk9EVUlULmpwZyIsInNsaWRlc2hvdyI6ImVlN2MyNzUifQ%3D%3D\">\n\t\t\t\t\t<div class=\"e-gallery-image elementor-gallery-item__image\" data-thumbnail=\"https:\/\/isteo-colle.com\/wp-content\/uploads\/2024\/10\/Interieure-rapide-INT-RAPIDE-PRODUIT.jpg\" data-width=\"600\" data-height=\"600\" aria-label=\"Interieure rapide\" role=\"img\" ><\/div>\n\t\t\t\t\t\t\t\t\t\t\t<div class=\"elementor-gallery-item__overlay\"><\/div>\n\t\t\t\t\t\t\t\t\t\t\t\t\t\t<\/a>\n\t\t\t\t\t\t\t<a class=\"e-gallery-item elementor-gallery-item elementor-animated-content\" href=\"https:\/\/isteo-colle.com\/wp-content\/uploads\/2024\/10\/Interieure-rapide-INT-RAPIDE-APPLICATION.jpg\" data-elementor-open-lightbox=\"yes\" data-elementor-lightbox-slideshow=\"ee7c275\" data-elementor-lightbox-title=\"Interieure rapide-INT-RAPIDE-APPLICATION\" data-e-action-hash=\"#elementor-action%3Aaction%3Dlightbox%26settings%3DeyJpZCI6NTk3LCJ1cmwiOiJodHRwczpcL1wvaXN0ZW8tY29sbGUuY29tXC93cC1jb250ZW50XC91cGxvYWRzXC8yMDI0XC8xMFwvSW50ZXJpZXVyZS1yYXBpZGUtSU5ULVJBUElERS1BUFBMSUNBVElPTi5qcGciLCJzbGlkZXNob3ciOiJlZTdjMjc1In0%3D\">\n\t\t\t\t\t<div class=\"e-gallery-image elementor-gallery-item__image\" data-thumbnail=\"https:\/\/isteo-colle.com\/wp-content\/uploads\/2024\/10\/Interieure-rapide-INT-RAPIDE-APPLICATION.jpg\" data-width=\"600\" data-height=\"600\" aria-label=\"Interieure rapide\" role=\"img\" ><\/div>\n\t\t\t\t\t\t\t\t\t\t\t<div class=\"elementor-gallery-item__overlay\"><\/div>\n\t\t\t\t\t\t\t\t\t\t\t\t\t\t<\/a>\n\t\t\t\t\t\t\t<a class=\"e-gallery-item elementor-gallery-item elementor-animated-content\" href=\"https:\/\/isteo-colle.com\/wp-content\/uploads\/2024\/10\/Interieure-rapide-INT-RAPIDE-TAILLE.jpg\" data-elementor-open-lightbox=\"yes\" data-elementor-lightbox-slideshow=\"ee7c275\" data-elementor-lightbox-title=\"Interieure rapide-INT-RAPIDE-TAILLE\" data-e-action-hash=\"#elementor-action%3Aaction%3Dlightbox%26settings%3DeyJpZCI6NjAzLCJ1cmwiOiJodHRwczpcL1wvaXN0ZW8tY29sbGUuY29tXC93cC1jb250ZW50XC91cGxvYWRzXC8yMDI0XC8xMFwvSW50ZXJpZXVyZS1yYXBpZGUtSU5ULVJBUElERS1UQUlMTEUuanBnIiwic2xpZGVzaG93IjoiZWU3YzI3NSJ9\">\n\t\t\t\t\t<div class=\"e-gallery-image elementor-gallery-item__image\" data-thumbnail=\"https:\/\/isteo-colle.com\/wp-content\/uploads\/2024\/10\/Interieure-rapide-INT-RAPIDE-TAILLE.jpg\" data-width=\"600\" data-height=\"600\" aria-label=\"Interieure rapide\" role=\"img\" ><\/div>\n\t\t\t\t\t\t\t\t\t\t\t<div class=\"elementor-gallery-item__overlay\"><\/div>\n\t\t\t\t\t\t\t\t\t\t\t\t\t\t<\/a>\n\t\t\t\t\t<\/div>\n\t\t\t\t\t<\/div>\n\t\t\t\t<\/div>\n\t\t\t\t<\/div>\n\t\t\t\t\t<\/div>\n\t\t\t\t<\/div>\n\t\t\t\t<\/div>\n\t\t","protected":false},"excerpt":{"rendered":"<p>COMO UTILIZAR As superf\u00edcies a colar devem ser lisas, secas e limpas (sem p\u00f3 ou gordura). Coloque a cola na superf\u00edcie a colar. Segure por alguns minutos. Deixe o conjunto secar. Limpe as ferramentas usadas com \u00e1gua. PRECAU\u00c7\u00d5ES DE UTILIZA\u00c7\u00c3O Fechar bem ap\u00f3s a utiliza\u00e7\u00e3o Armazenar em local seco entre 15\u00ba e 25\u00baC N\u00e3o ingerir [&hellip;]<\/p>\n","protected":false},"author":1,"featured_media":573,"parent":0,"menu_order":0,"comment_status":"closed","ping_status":"closed","template":"","meta":{"footnotes":""},"class_list":["post-691","page","type-page","status-publish","has-post-thumbnail","hentry"],"_links":{"self":[{"href":"https:\/\/isteo-colle.com\/pt-pt\/wp-json\/wp\/v2\/pages\/691","targetHints":{"allow":["GET"]}}],"collection":[{"href":"https:\/\/isteo-colle.com\/pt-pt\/wp-json\/wp\/v2\/pages"}],"about":[{"href":"https:\/\/isteo-colle.com\/pt-pt\/wp-json\/wp\/v2\/types\/page"}],"author":[{"embeddable":true,"href":"https:\/\/isteo-colle.com\/pt-pt\/wp-json\/wp\/v2\/users\/1"}],"replies":[{"embeddable":true,"href":"https:\/\/isteo-colle.com\/pt-pt\/wp-json\/wp\/v2\/comments?post=691"}],"version-history":[{"count":20,"href":"https:\/\/isteo-colle.com\/pt-pt\/wp-json\/wp\/v2\/pages\/691\/revisions"}],"predecessor-version":[{"id":1019,"href":"https:\/\/isteo-colle.com\/pt-pt\/wp-json\/wp\/v2\/pages\/691\/revisions\/1019"}],"wp:featuredmedia":[{"embeddable":true,"href":"https:\/\/isteo-colle.com\/pt-pt\/wp-json\/wp\/v2\/media\/573"}],"wp:attachment":[{"href":"https:\/\/isteo-colle.com\/pt-pt\/wp-json\/wp\/v2\/media?parent=691"}],"curies":[{"name":"wp","href":"https:\/\/api.w.org\/{rel}","templated":true}]}}