{"id":704,"date":"2024-09-13T11:03:26","date_gmt":"2024-09-13T11:03:26","guid":{"rendered":"https:\/\/isteo-colle.com\/colle-blanche\/"},"modified":"2025-11-28T12:07:50","modified_gmt":"2025-11-28T12:07:50","slug":"cola-branca","status":"publish","type":"page","link":"https:\/\/isteo-colle.com\/pt-pt\/cola-branca\/","title":{"rendered":"Cola branca"},"content":{"rendered":"\t\t<div data-elementor-type=\"wp-page\" data-elementor-id=\"704\" class=\"elementor elementor-704 elementor-34\" data-elementor-post-type=\"page\">\n\t\t\t\t<div class=\"elementor-element elementor-element-89125f7 e-flex e-con-boxed e-con e-parent\" data-id=\"89125f7\" data-element_type=\"container\" data-e-type=\"container\" data-settings=\"{&quot;background_background&quot;:&quot;classic&quot;}\">\n\t\t\t\t\t<div class=\"e-con-inner\">\n\t\t\t\t<div class=\"elementor-element elementor-element-aac89a2 tit-prod elementor-widget elementor-widget-heading\" data-id=\"aac89a2\" data-element_type=\"widget\" data-e-type=\"widget\" data-widget_type=\"heading.default\">\n\t\t\t\t<div class=\"elementor-widget-container\">\n\t\t\t\t\t<h1 class=\"elementor-heading-title elementor-size-default\">Cola branca<\/h1>\t\t\t\t<\/div>\n\t\t\t\t<\/div>\n\t\t<div class=\"elementor-element elementor-element-cc0db1d e-con-full e-flex e-con e-child\" data-id=\"cc0db1d\" data-element_type=\"container\" data-e-type=\"container\">\n\t\t<div class=\"elementor-element elementor-element-24b7d48 e-con-full e-flex e-con e-child\" data-id=\"24b7d48\" data-element_type=\"container\" data-e-type=\"container\">\n\t\t\t\t<div class=\"elementor-element elementor-element-783d812 elementor-widget elementor-widget-image\" data-id=\"783d812\" data-element_type=\"widget\" data-e-type=\"widget\" data-widget_type=\"image.default\">\n\t\t\t\t<div class=\"elementor-widget-container\">\n\t\t\t\t\t\t\t\t\t\t\t\t\t\t\t<img fetchpriority=\"high\" decoding=\"async\" width=\"565\" height=\"840\" src=\"https:\/\/isteo-colle.com\/wp-content\/uploads\/2024\/10\/c-etiqueta-Colle-blanche.png\" class=\"attachment-large size-large wp-image-549\" alt=\"Etiqueta  Cola blanca\" srcset=\"https:\/\/isteo-colle.com\/wp-content\/uploads\/2024\/10\/c-etiqueta-Colle-blanche.png 565w, https:\/\/isteo-colle.com\/wp-content\/uploads\/2024\/10\/c-etiqueta-Colle-blanche-202x300.png 202w\" sizes=\"(max-width: 565px) 100vw, 565px\" \/>\t\t\t\t\t\t\t\t\t\t\t\t\t\t\t<\/div>\n\t\t\t\t<\/div>\n\t\t\t\t<\/div>\n\t\t<div class=\"elementor-element elementor-element-6874a86 e-con-full e-flex e-con e-child\" data-id=\"6874a86\" data-element_type=\"container\" data-e-type=\"container\">\n\t\t\t\t<div class=\"elementor-element elementor-element-3ea9ea5 elementor-widget elementor-widget-text-editor\" data-id=\"3ea9ea5\" data-element_type=\"widget\" data-e-type=\"widget\" data-widget_type=\"text-editor.default\">\n\t\t\t\t<div class=\"elementor-widget-container\">\n\t\t\t\t\t\t\t\t\t<div class=\"text1\"><div class=\"text1\"><h2>COMO UTILIZAR<\/h2><ol><li>As superf\u00edcies a colar devem ser lisas, secas e limpas (sem p\u00f3 ou gordura).<\/li><li>Coloque a cola na superf\u00edcie a colar.<\/li><li>Segure por alguns minutos.<\/li><li>Deixe o conjunto secar.<\/li><li>Limpe as ferramentas usadas com \u00e1gua.<\/li><\/ol><h2>PRECAU\u00c7\u00d5ES DE UTILIZA\u00c7\u00c3O<\/h2><ol><li>Fechar bem ap\u00f3s a utiliza\u00e7\u00e3o<\/li><li>Armazenar em local seco entre 15\u00ba e 25\u00baC<\/li><li>N\u00e3o ingerir<\/li><\/ol><h2>LIMPEZA DE FERRAMENTAS<\/h2><p><strong>Cola fresca:<br \/><\/strong>\u00c1gua quente<\/p><p><strong>Cola seca:<br \/><\/strong>Solvente org\u00e2nico (acetona, aceto de etilo,&#8230;) em conformidade com as instru\u00e7\u00f5es de seguran\u00e7a do produto utilizado.<\/p><h2>TAMANHOS<\/h2><p>100 gr, 250 gr<\/p><\/div><\/div>\t\t\t\t\t\t\t\t<\/div>\n\t\t\t\t<\/div>\n\t\t<div class=\"elementor-element elementor-element-d87a2c0 e-con-full e-flex e-con e-child\" data-id=\"d87a2c0\" data-element_type=\"container\" data-e-type=\"container\" data-settings=\"{&quot;background_background&quot;:&quot;classic&quot;}\">\n\t\t\t\t<div class=\"elementor-element elementor-element-b3f9a90 ico-info elementor-view-default elementor-widget elementor-widget-icon\" data-id=\"b3f9a90\" data-element_type=\"widget\" data-e-type=\"widget\" data-widget_type=\"icon.default\">\n\t\t\t\t<div class=\"elementor-widget-container\">\n\t\t\t\t\t\t\t<div class=\"elementor-icon-wrapper\">\n\t\t\t<div class=\"elementor-icon\">\n\t\t\t<svg aria-hidden=\"true\" class=\"e-font-icon-svg e-fas-info-circle\" viewBox=\"0 0 512 512\" xmlns=\"http:\/\/www.w3.org\/2000\/svg\"><path d=\"M256 8C119.043 8 8 119.083 8 256c0 136.997 111.043 248 248 248s248-111.003 248-248C504 119.083 392.957 8 256 8zm0 110c23.196 0 42 18.804 42 42s-18.804 42-42 42-42-18.804-42-42 18.804-42 42-42zm56 254c0 6.627-5.373 12-12 12h-88c-6.627 0-12-5.373-12-12v-24c0-6.627 5.373-12 12-12h12v-64h-12c-6.627 0-12-5.373-12-12v-24c0-6.627 5.373-12 12-12h64c6.627 0 12 5.373 12 12v100h12c6.627 0 12 5.373 12 12v24z\"><\/path><\/svg>\t\t\t<\/div>\n\t\t<\/div>\n\t\t\t\t\t\t<\/div>\n\t\t\t\t<\/div>\n\t\t\t\t<div class=\"elementor-element elementor-element-47ea4c5 aviso elementor-widget elementor-widget-text-editor\" data-id=\"47ea4c5\" data-element_type=\"widget\" data-e-type=\"widget\" data-widget_type=\"text-editor.default\">\n\t\t\t\t<div class=\"elementor-widget-container\">\n\t\t\t\t\t\t\t\t\t<p>Em caso de ingest\u00e3o ou contacto com membranas mucosas, lave abundantemente e consulte um m\u00e9dico.<\/p>\t\t\t\t\t\t\t\t<\/div>\n\t\t\t\t<\/div>\n\t\t\t\t<\/div>\n\t\t\t\t<\/div>\n\t\t\t\t<\/div>\n\t\t\t\t\t<\/div>\n\t\t\t\t<\/div>\n\t\t\t\t<\/div>\n\t\t","protected":false},"excerpt":{"rendered":"<p>COMO UTILIZAR As superf\u00edcies a colar devem ser lisas, secas e limpas (sem p\u00f3 ou gordura). Coloque a cola na superf\u00edcie a colar. Segure por alguns minutos. Deixe o conjunto secar. Limpe as ferramentas usadas com \u00e1gua. PRECAU\u00c7\u00d5ES DE UTILIZA\u00c7\u00c3O Fechar bem ap\u00f3s a utiliza\u00e7\u00e3o Armazenar em local seco entre 15\u00ba e 25\u00baC N\u00e3o ingerir [&hellip;]<\/p>\n","protected":false},"author":1,"featured_media":567,"parent":0,"menu_order":0,"comment_status":"closed","ping_status":"closed","template":"","meta":{"footnotes":""},"class_list":["post-704","page","type-page","status-publish","has-post-thumbnail","hentry"],"_links":{"self":[{"href":"https:\/\/isteo-colle.com\/pt-pt\/wp-json\/wp\/v2\/pages\/704","targetHints":{"allow":["GET"]}}],"collection":[{"href":"https:\/\/isteo-colle.com\/pt-pt\/wp-json\/wp\/v2\/pages"}],"about":[{"href":"https:\/\/isteo-colle.com\/pt-pt\/wp-json\/wp\/v2\/types\/page"}],"author":[{"embeddable":true,"href":"https:\/\/isteo-colle.com\/pt-pt\/wp-json\/wp\/v2\/users\/1"}],"replies":[{"embeddable":true,"href":"https:\/\/isteo-colle.com\/pt-pt\/wp-json\/wp\/v2\/comments?post=704"}],"version-history":[{"count":4,"href":"https:\/\/isteo-colle.com\/pt-pt\/wp-json\/wp\/v2\/pages\/704\/revisions"}],"predecessor-version":[{"id":855,"href":"https:\/\/isteo-colle.com\/pt-pt\/wp-json\/wp\/v2\/pages\/704\/revisions\/855"}],"wp:featuredmedia":[{"embeddable":true,"href":"https:\/\/isteo-colle.com\/pt-pt\/wp-json\/wp\/v2\/media\/567"}],"wp:attachment":[{"href":"https:\/\/isteo-colle.com\/pt-pt\/wp-json\/wp\/v2\/media?parent=704"}],"curies":[{"name":"wp","href":"https:\/\/api.w.org\/{rel}","templated":true}]}}